{"id":362,"date":"2022-01-14T10:25:18","date_gmt":"2022-01-14T09:25:18","guid":{"rendered":"https:\/\/yahad.mt\/?page_id=362"},"modified":"2022-01-19T16:57:45","modified_gmt":"2022-01-19T15:57:45","slug":"kuragg-kreattiv","status":"publish","type":"page","link":"https:\/\/yahad.mt\/mt\/kuragg-kreattiv\/","title":{"rendered":"Kura\u0121\u0121 Kreattiv"},"content":{"rendered":"\n<div class=\"wp-block-image\"><figure class=\"alignleft size-full is-resized\"><img loading=\"lazy\" decoding=\"async\" src=\"https:\/\/yahad.mt\/wp-content\/uploads\/2022\/01\/CreativeCourage.png\" alt=\"\" class=\"wp-image-187\" width=\"256\" height=\"394\" srcset=\"https:\/\/yahad.mt\/wp-content\/uploads\/2022\/01\/CreativeCourage.png 1024w, https:\/\/yahad.mt\/wp-content\/uploads\/2022\/01\/CreativeCourage-390x600.png 390w, https:\/\/yahad.mt\/wp-content\/uploads\/2022\/01\/CreativeCourage-768x1183.png 768w, https:\/\/yahad.mt\/wp-content\/uploads\/2022\/01\/CreativeCourage-997x1536.png 997w\" sizes=\"auto, (max-width: 256px) 100vw, 256px\" \/><\/figure><\/div>\n\n\n\n<p>Fl-ittra appostolika <em>Patris Corde<\/em>, il-Papa Fran\u0121isku jfa\u0127\u0127ar il-virt\u00f9 tal-kura\u0121\u0121 kreattiv li jo\u0127ro\u0121 quddiem xi saram, meta \u201cnistg\u0127u jew naqtg\u0127u qalbna u nitbieg\u0127du, jew b\u2019xi mod nit\u0127abtu mieg\u0127u. Xi drabi, id-diffikultajiet jo\u0127or\u0121u ri\u017corsi li lanqas biss konna na\u0127sbu li kellna\u201d<a href=\"#_ftn1\"><sup>[1]<\/sup><\/a>. A\u0127na nemmnu li \u017cminijietna \u2013 kemm fuq livell globali kif ukoll lokali \u2013 je\u0127tie\u0121u b\u2019ur\u0121enza l-kombinazzjoni ta\u2019 kreattivit\u00e0 u kura\u0121\u0121 jekk irridu nevitaw in-nases doppji ta\u010b-\u010bini\u017cmu u re\u017cinjazzjoni.&nbsp;&nbsp;&nbsp;<\/p>\n\n\n\n<p>Kif naqraw fil-Ktieb tal-Proverbji: \u201cJekk ma jkunx hemm min iwissi,<\/p>\n\n\n\n<p>il-poplu jsir bla ra\u017can\u201d<a href=\"#_ftn2\"><sup>[2]<\/sup><\/a>. Dan in-nuqqas ta\u2019 vi\u017cjoni huwa wkoll nuqqas ta\u2019 imma\u0121inazzjoni, nuqqas li nimma\u0121inaw futur differenti mill-pre\u017cent li ng\u0127ixu fih, nuqqas li no\u0127olmu li so\u010bjet\u00e0 u dinja o\u0127ra huma possibbli. Fl-a\u0127\u0127ar mill-a\u0127\u0127ar, dan in-nuqqas ta\u2019 vi\u017cjoni li hawn mixrud madwarna jirrifletti nuqqas ta\u2019 tama. Infatti, u mhux g\u0127alxejn, bosta huma dawk li jadottaw l-attitudni \u010binika ta\u2019: l-affarijiet dejjem hekk kienu, il-partiti politi\u010bi l-istess, g\u0127alxejn tipprova, m\u2019hemmx x\u2019tag\u0127mel.<\/p>\n\n\n\n<p>F\u2019dan il-kuntest, is-so\u010bjet\u00e0 tag\u0127na g\u0127andha l-b\u017conn ur\u0121enti li tisma\u2019 u tin\u0121abar madwar vi\u017cjoni profetika u kredibbli g\u0127alina u g\u0127al uliedna. Il-vi\u017cjoni proposta mill-Knisja u spe\u010bifikament mill-Papa Fran\u0121isku f\u2019<em>Laudato Si<\/em> u <em>Fratelli Tutti<\/em> titkellem dwar so\u010bjet\u00e0 mibnija fuq il-\u0121ustizzja, il-verit\u00e0 u s-solidarjet\u00e0. Hija so\u010bjet\u00e0 li \u0121idha ma jibqax jiddependi fuq il-produzzjoni tal-\u201c\u0127ela\u201d \u2013 prodotti jew persuni \u2013 i\u017cda li tippromwovi l-\u0121id komuni li jrid ikun dejjem jixbah somma ta\u2019 multiplikazzjoni: jekk xi numru \u2013 jew persuna f\u2019dan il-ka\u017c \u2013 ikun \u017cero, mela t-total dejjem ikun \u017cero. Jekk xi \u0127add jit\u0127alla barra u ma jing\u0127atalux dak li hu essenzjali, mela jkun sar tradiment tal-\u0121id komuni. Fi kliem ie\u0127or, il-\u0121id komuni huwa n-network s\u0127i\u0127 ta\u2019 kundizzjonijiet so\u010bjali li jippermettu lill-individwi u lil gruppi ta\u2019 bnedmin li jiffjorixxu u jg\u0127ixu \u0127ajja mimilja u \u0121enwinament umana. Il-milja li l-\u0121id komuni g\u0127andu l-g\u0127an li jservi huwa li l-umanit\u00e0 tiffjorixxi, espressa fil-fra\u017ci \u201c\u017cvilupp uman integrali\u201d. Din hija l-vi\u017cjoni li g\u0127andha tattira l-imma\u0121inazzjoni tal-bnedmin kollha ta\u2019 rieda tajba u li te\u0127tie\u0121 do\u017ca qawwija ta\u2019 kreattivit\u00e0 ladarba qeg\u0127din tant \u2019il bog\u0127od minn din ir-realt\u00e0.<\/p>\n\n\n\n<p>Infatti, bosta huma dawk li se jo\u0121\u0121ezzjonaw g\u0127al din il-vi\u017cjoni, mhux bi prin\u010bipju, i\u017cda billi jargumentaw li din hija bi\u010b\u010ba xog\u0127ol impossibbli u ming\u0127ajr tama. Huwa dmirna, b\u0127ala Nsara u \u010bittadini ta\u2019 rieda tajba, li nag\u0127tu indikazzjonijiet ta\u2019 tama. Jista\u2019 jkun li qeg\u0127din fil-pre\u017cenza ta\u2019 xi \u0127a\u0121a \u0121dida li qed titwieled li, sfortunatament, ma nistg\u0127ux narawha fl-alternattivi tal-pre\u017cent<a href=\"#_ftn3\"><sup>[3]<\/sup><\/a>. Il-Knisja nfisha g\u0127andha tkun indikazzjoni ewlenija ta\u2019 tama, alternattiva \u0127ajja , li tinflitra u tisfida l-isfera so\u010bjali b\u2019vi\u017cjoni aktar radikali g\u0127all-\u0127olma t\u2019Alla g\u0127all-umanit\u00e0: Fil-prijorit\u00e0 li nag\u0127tu lil dawk li m\u2019g\u0127andhomx valur ekonomiku, bil-mod li bih nistinkaw g\u0127all-\u0121ustizzja sa\u0127ansitra meta kollox jidher mitluf, bil-mod li bih inkomplu niddjalogaw b\u2019fidi tajba meta madwarna jkunu qed jinbnew is-swar tal-pre\u0121udizzju, bil-mod li bih inkomplu nservu fedelment ming\u0127ajr ma nkunu qeg\u0127din naraw ri\u017cultati.<\/p>\n\n\n\n<p>Huwa biss b\u2019dan il-mod li nistg\u0127u nsiru dwal ta\u2019 tama u nkunu xhud kredibbli meta niddikjaraw li r-relazzjonijiet miksura tag\u0127na ma\u2019 Alla, ma\u2019 xulxin u mad-dar komuni tag\u0127na jistg\u0127u ji\u0121u restawrati, imfejqa u rikon\u010biljati. F\u2019g\u0127ajnejn Alla, m\u2019hemmx kaw\u017ci mitlufa. Mhux biss fuq livell individwali i\u017cda wkoll f\u2019dak li g\u0127andu x\u2019jaqsam mat-trasformazzjoni possibbli tal-istrutturi politi\u010bi, so\u010bjali u ekonomi\u010bi li wasslu g\u0127all-mewt ta\u2019 Lassana, Daphne u Miriam. Huwa f\u2019idejna li n\u0127addnu it-tip ta\u2019 tama li \u201cto\u0127loq rieda li tqieg\u0127ed lilek innifsek f\u2019post ming\u0127ajr tama u li tkun xhud, li tippermettilek temmen f\u2019\u0121ejjieni a\u0127jar, sa\u0127ansitra quddiem poter abbu\u017civ\u201d<a href=\"#_ftn4\"><sup>[4]<\/sup><\/a>.<\/p>\n\n\n\n<p>M\u2019hemmx xi ng\u0127idu, li din il-kreattivit\u00e0 mimlija tama trid ti\u0121i meg\u0127juxa b\u2019kura\u0121\u0121. Huwa l-kura\u0121\u0121 tal-pijunieri li jag\u0127\u017clu l-mog\u0127dija l-inqas imterrqa, ta\u2019 dawk li jridu jibnu l-pontijiet li jirriskjaw li jinftiehmu \u0127a\u017cin min-na\u0127at kollha u ji\u0121u tikkettati b\u0127ala barranin minn kul\u0127add, ta\u2019 dawk retti u ta\u2019 prin\u010bipju li jispi\u010b\u010baw politikament orfni, tal-iblah li \u201cjag\u0127\u017cel il-benessri ta\u2019 l-aktar minsija minflok il-kumdit\u00e0 tal-folol\u201d<a href=\"#_ftn5\"><sup>[5]<\/sup><\/a>. Trid il-kura\u0121\u0121 biex tabbanduna l-kumdit\u00e0 ta\u2019 \u201cniesek\u201d jew in-newtralit\u00e0 komda ta\u2019 min ma jmiddx idejh u jikkritika biss. B\u0127ala komunit\u00e0 tal-fidi dejjem irridu nistaqsu lilna nfusna jekk xi drabi a\u0127niex \u0127atja li nkunu qeg\u0127din b\u2019idejna fuq \u017caqqna b\u0127ala dawk li g\u0127andhom privile\u0121\u0121 so\u010bjali u b\u2019hekk nonqsu milli na\u0127dmu b\u2019kura\u0121\u0121 biex nittrasformaw l-istrutturi midinba tas-so\u010bjet\u00e0.&nbsp; Il-qawwa trasformattiva tal-Van\u0121elu ma tista\u2019 qatt ti\u0121i domestikata, u huwa f\u2019idejna li ni\u017cguraw li jkun hemm fina nuqqas qaddis ta\u2019 sabar a\u0127na u nie\u0127du sehem fit-ti\u0121did b\u2019tama tas-so\u010bjet\u00e0 b\u2019kura\u0121\u0121 u kreattivit\u00e0.<\/p>\n\n\n\n<hr class=\"wp-block-separator\"\/>\n\n\n\n<p id=\"_ftn1\">[1] <span class=\"uppercase\">Il-Papa Fran\u0121isku<\/span>, <em>Patris corde<\/em>, 5<\/p>\n\n\n\n<p id=\"_ftn2\">[2] <span class=\"uppercase\">Prov<\/span>. 29, 18.<\/p>\n\n\n\n<p id=\"_ftn3\">[3] Cf. <span class=\"uppercase\">Dietrich Bonhoeffer<\/span>, <em>Prisoner for God. Letters and Papers from Prison<\/em>, Macmillan Company, 1953, 14.<\/p>\n\n\n\n<p id=\"_ftn4\">[4] <span class=\"uppercase\">Bryan Stevenson<\/span>, <em>Just Mercy. A book of Justice and Redemption<\/em>, Spiegel &amp; Grau, 2015, 219.<\/p>\n\n\n\n<p id=\"_ftn5\">[5] <span class=\"uppercase\">Ar\u010bidjo\u010besi ta\u2019 Malta<\/span>, <em>Knisja Wa\u0127da, Vja\u0121\u0121 Wie\u0127ed Pro\u010bess ta\u2019 ti\u0121did ekkle\u017cjali<\/em>, 41\u00a0<\/p>\n","protected":false},"excerpt":{"rendered":"<p class=\"excerpt\">Fl-ittra appostolika Patris Corde, il-Papa Fran\u0121isku jfa\u0127\u0127ar il-virt\u00f9 tal-kura\u0121\u0121 kreattiv li jo\u0127ro\u0121 quddiem xi saram, meta \u201cnistg\u0127u jew naqtg\u0127u qalbna u nitbieg\u0127du, jew b\u2019xi mod nit\u0127abtu mieg\u0127u. Xi drabi, id-diffikultajiet jo\u0127or\u0121u ri\u017corsi li lanqas biss konna na\u0127sbu li kellna\u201d[1]. A\u0127na nemmnu li \u017cminijietna \u2013 kemm fuq livell globali kif ukoll lokali \u2013 je\u0127tie\u0121u b\u2019ur\u0121enza l-kombinazzjoni [&hellip;]<\/p>\n","protected":false},"author":1,"featured_media":0,"parent":0,"menu_order":0,"comment_status":"closed","ping_status":"closed","template":"","meta":{"_editorskit_title_hidden":false,"_editorskit_reading_time":3,"_editorskit_typography_data":[],"_editorskit_blocks_typography":"","_editorskit_is_block_options_detached":false,"_editorskit_block_options_position":"{}","footnotes":""},"class_list":["post-362","page","type-page","status-publish","hentry"],"_links":{"self":[{"href":"https:\/\/yahad.mt\/mt\/wp-json\/wp\/v2\/pages\/362","targetHints":{"allow":["GET"]}}],"collection":[{"href":"https:\/\/yahad.mt\/mt\/wp-json\/wp\/v2\/pages"}],"about":[{"href":"https:\/\/yahad.mt\/mt\/wp-json\/wp\/v2\/types\/page"}],"author":[{"embeddable":true,"href":"https:\/\/yahad.mt\/mt\/wp-json\/wp\/v2\/users\/1"}],"replies":[{"embeddable":true,"href":"https:\/\/yahad.mt\/mt\/wp-json\/wp\/v2\/comments?post=362"}],"version-history":[{"count":3,"href":"https:\/\/yahad.mt\/mt\/wp-json\/wp\/v2\/pages\/362\/revisions"}],"predecessor-version":[{"id":666,"href":"https:\/\/yahad.mt\/mt\/wp-json\/wp\/v2\/pages\/362\/revisions\/666"}],"wp:attachment":[{"href":"https:\/\/yahad.mt\/mt\/wp-json\/wp\/v2\/media?parent=362"}],"curies":[{"name":"wp","href":"https:\/\/api.w.org\/{rel}","templated":true}]}}