{"id":711,"date":"2022-02-24T09:58:01","date_gmt":"2022-02-24T08:58:01","guid":{"rendered":"https:\/\/yahad.mt\/?page_id=711"},"modified":"2022-02-24T09:58:03","modified_gmt":"2022-02-24T08:58:03","slug":"rizorsi","status":"publish","type":"page","link":"https:\/\/yahad.mt\/mt\/rizorsi\/","title":{"rendered":"Ri\u017corsi"},"content":{"rendered":"\n<div class=\"wp-block-columns is-layout-flex wp-container-core-columns-is-layout-9d6595d7 wp-block-columns-is-layout-flex\">\n<div class=\"wp-block-column is-layout-flow wp-block-column-is-layout-flow\">\n<div data-wp-interactive=\"core\/file\" class=\"wp-block-file\"><object data-wp-bind--hidden=\"!state.hasPdfPreview\" hidden class=\"wp-block-file__embed\" data=\"https:\/\/yahad.mt\/wp-content\/uploads\/2022\/01\/JP_YAHAD-FRAMEWORK_A5_MT_v2-DIGITAL.pdf\" type=\"application\/pdf\" style=\"width:100%;height:600px\" aria-label=\"Embed of Embed of Yahad - Ktejjeb..\"><\/object><a id=\"wp-block-file--media-e3183f77-cc0a-42dc-8f6a-5c7e2b117af4\" href=\"https:\/\/yahad.mt\/wp-content\/uploads\/2022\/01\/JP_YAHAD-FRAMEWORK_A5_MT_v2-DIGITAL.pdf\">Yahad &#8211; Ktejjeb<\/a><a href=\"https:\/\/yahad.mt\/wp-content\/uploads\/2022\/01\/JP_YAHAD-FRAMEWORK_A5_MT_v2-DIGITAL.pdf\" class=\"wp-block-file__button\" download aria-describedby=\"wp-block-file--media-e3183f77-cc0a-42dc-8f6a-5c7e2b117af4\">Download<\/a><\/div>\n<\/div>\n\n\n\n<div class=\"wp-block-column is-layout-flow wp-block-column-is-layout-flow\">\n<div data-wp-interactive=\"core\/file\" class=\"wp-block-file\"><object data-wp-bind--hidden=\"!state.hasPdfPreview\" hidden class=\"wp-block-file__embed\" data=\"https:\/\/yahad.mt\/wp-content\/uploads\/2022\/02\/Called-to-care.pdf\" type=\"application\/pdf\" style=\"width:100%;height:600px\" aria-label=\"Embed of Embed of Called to Care&lt;br&gt;Bitesize Workshop..\"><\/object><a id=\"wp-block-file--media-b0067da6-1b38-4d38-a056-35534b45d8f7\" href=\"https:\/\/yahad.mt\/wp-content\/uploads\/2022\/02\/Called-to-care.pdf\">Called to Care<br>Bitesize Workshop<\/a><a href=\"https:\/\/yahad.mt\/wp-content\/uploads\/2022\/02\/Called-to-care.pdf\" class=\"wp-block-file__button\" download aria-describedby=\"wp-block-file--media-b0067da6-1b38-4d38-a056-35534b45d8f7\">Download<\/a><\/div>\n<\/div>\n<\/div>\n\n\n\n<div class=\"wp-block-columns is-layout-flex wp-container-core-columns-is-layout-9d6595d7 wp-block-columns-is-layout-flex\">\n<div class=\"wp-block-column is-layout-flow wp-block-column-is-layout-flow\">\n<div data-wp-interactive=\"core\/file\" class=\"wp-block-file\"><object data-wp-bind--hidden=\"!state.hasPdfPreview\" hidden class=\"wp-block-file__embed\" data=\"https:\/\/yahad.mt\/wp-content\/uploads\/2022\/02\/Rizorsi-Randan-MLT.pdf\" type=\"application\/pdf\" style=\"width:100%;height:600px\" aria-label=\"Embed of Embed of Ri\u017corsi g\u0127ar-Randan..\"><\/object><a id=\"wp-block-file--media-0fd56816-45d7-449b-a9e2-311c2eb7c66e\" href=\"https:\/\/yahad.mt\/wp-content\/uploads\/2022\/02\/Rizorsi-Randan-MLT.pdf\">Ri\u017corsi g\u0127ar-Randan<\/a><a href=\"https:\/\/yahad.mt\/wp-content\/uploads\/2022\/02\/Rizorsi-Randan-MLT.pdf\" class=\"wp-block-file__button\" download aria-describedby=\"wp-block-file--media-0fd56816-45d7-449b-a9e2-311c2eb7c66e\">Download<\/a><\/div>\n<\/div>\n\n\n\n<div class=\"wp-block-column is-layout-flow wp-block-column-is-layout-flow\">\n<div data-wp-interactive=\"core\/file\" class=\"wp-block-file\"><object data-wp-bind--hidden=\"!state.hasPdfPreview\" hidden class=\"wp-block-file__embed\" data=\"https:\/\/yahad.mt\/wp-content\/uploads\/2022\/02\/Yahad-MCYN-Mlt.pdf\" type=\"application\/pdf\" style=\"width:100%;height:600px\" aria-label=\"Embed of Embed of Sessjonijiet g\u0127a\u017c-\u017bg\u0127a\u017cag\u0127&lt;br&gt;Ippreparati mill-MCYN..\"><\/object><a id=\"wp-block-file--media-4b449f02-d476-407d-86c5-c22c5db14af1\" href=\"https:\/\/yahad.mt\/wp-content\/uploads\/2022\/02\/Yahad-MCYN-Mlt.pdf\">Sessjonijiet g\u0127a\u017c-\u017bg\u0127a\u017cag\u0127<br>Ippreparati mill-MCYN<\/a><a href=\"https:\/\/yahad.mt\/wp-content\/uploads\/2022\/02\/Yahad-MCYN-Mlt.pdf\" class=\"wp-block-file__button\" download aria-describedby=\"wp-block-file--media-4b449f02-d476-407d-86c5-c22c5db14af1\">Download<\/a><\/div>\n<\/div>\n<\/div>\n","protected":false},"excerpt":{"rendered":"","protected":false},"author":1,"featured_media":0,"parent":0,"menu_order":0,"comment_status":"closed","ping_status":"closed","template":"","meta":{"_editorskit_title_hidden":false,"_editorskit_reading_time":0,"_editorskit_typography_data":[],"_editorskit_blocks_typography":"","_editorskit_is_block_options_detached":false,"_editorskit_block_options_position":"{}","footnotes":""},"class_list":["post-711","page","type-page","status-publish","hentry"],"_links":{"self":[{"href":"https:\/\/yahad.mt\/mt\/wp-json\/wp\/v2\/pages\/711","targetHints":{"allow":["GET"]}}],"collection":[{"href":"https:\/\/yahad.mt\/mt\/wp-json\/wp\/v2\/pages"}],"about":[{"href":"https:\/\/yahad.mt\/mt\/wp-json\/wp\/v2\/types\/page"}],"author":[{"embeddable":true,"href":"https:\/\/yahad.mt\/mt\/wp-json\/wp\/v2\/users\/1"}],"replies":[{"embeddable":true,"href":"https:\/\/yahad.mt\/mt\/wp-json\/wp\/v2\/comments?post=711"}],"version-history":[{"count":2,"href":"https:\/\/yahad.mt\/mt\/wp-json\/wp\/v2\/pages\/711\/revisions"}],"predecessor-version":[{"id":717,"href":"https:\/\/yahad.mt\/mt\/wp-json\/wp\/v2\/pages\/711\/revisions\/717"}],"wp:attachment":[{"href":"https:\/\/yahad.mt\/mt\/wp-json\/wp\/v2\/media?parent=711"}],"curies":[{"name":"wp","href":"https:\/\/api.w.org\/{rel}","templated":true}]}}